{"id":9,"date":"2020-02-19T20:11:51","date_gmt":"2020-02-19T20:11:51","guid":{"rendered":"http:\/\/aragonnatural.lenguasdearagon.org\/?page_id=9"},"modified":"2021-08-16T16:47:11","modified_gmt":"2021-08-16T16:47:11","slug":"inicio","status":"publish","type":"page","link":"https:\/\/aragonnatural.lenguasdearagon.org\/","title":{"rendered":"Inicio"},"content":{"rendered":"\n[et_pb_section fb_built=\u00bb1&#8243; fullwidth=\u00bbon\u00bb module_class=\u00bbalturaseccionslider\u00bb _builder_version=\u00bb4.4.7&#8243;][et_pb_fullwidth_slider show_arrows=\u00bboff\u00bb show_pagination=\u00bboff\u00bb show_content_on_mobile=\u00bboff\u00bb show_image_video_mobile=\u00bbon\u00bb module_class=\u00bbalturamoduloslider\u00bb _builder_version=\u00bb4.4.7&#8243; custom_margin=\u00bb-112px|||||\u00bb custom_padding=\u00bb0px|||||\u00bb animation_style=\u00bbfade\u00bb auto=\u00bbon\u00bb auto_speed=\u00bb3000&#8243; scroll_fade_enable=\u00bbon\u00bb][et_pb_slide _builder_version=\u00bb4.4.7&#8243; background_image=\u00bbhttps:\/\/aragonnatural.lenguasdearagon.org\/wp-content\/uploads\/2020\/05\/Final1.jpg\u00bb background_enable_image=\u00bbon\u00bb][\/et_pb_slide][et_pb_slide _builder_version=\u00bb4.4.7&#8243; background_image=\u00bbhttps:\/\/aragonnatural.lenguasdearagon.org\/wp-content\/uploads\/2020\/05\/Final2.jpg\u00bb background_enable_image=\u00bbon\u00bb][\/et_pb_slide][et_pb_slide _builder_version=\u00bb4.4.7&#8243; background_image=\u00bbhttps:\/\/aragonnatural.lenguasdearagon.org\/wp-content\/uploads\/2020\/05\/Final3.jpg\u00bb background_enable_image=\u00bbon\u00bb][\/et_pb_slide][et_pb_slide _builder_version=\u00bb4.4.7&#8243; background_image=\u00bbhttps:\/\/aragonnatural.lenguasdearagon.org\/wp-content\/uploads\/2020\/05\/Final5.jpg\u00bb background_enable_image=\u00bbon\u00bb][\/et_pb_slide][et_pb_slide _builder_version=\u00bb4.4.7&#8243; background_image=\u00bbhttps:\/\/aragonnatural.lenguasdearagon.org\/wp-content\/uploads\/2020\/05\/Final4.jpg\u00bb background_enable_image=\u00bbon\u00bb][\/et_pb_slide][\/et_pb_fullwidth_slider][\/et_pb_section][et_pb_section fb_built=\u00bb1&#8243; _builder_version=\u00bb4.4.7&#8243; custom_padding=\u00bb37px|||||\u00bb][et_pb_row _builder_version=\u00bb4.4.7&#8243;][et_pb_column type=\u00bb4_4&#8243; _builder_version=\u00bb4.4.7&#8243;][et_pb_image src=\u00bbhttps:\/\/aragonnatural.lenguasdearagon.org\/wp-content\/uploads\/2020\/05\/Logos-Gob-Caja-1.jpg\u00bb title_text=\u00bbLogos Gob Caja\u00bb _builder_version=\u00bb4.4.7&#8243;][\/et_pb_image][\/et_pb_column][\/et_pb_row][\/et_pb_section][et_pb_section fb_built=\u00bb1&#8243; _builder_version=\u00bb4.4.3&#8243;][et_pb_row column_structure=\u00bb1_3,1_3,1_3&#8243; _builder_version=\u00bb4.4.3&#8243; custom_padding=\u00bb67px|||||\u00bb][et_pb_column type=\u00bb1_3&#8243; _builder_version=\u00bb4.4.3&#8243;][et_pb_text _builder_version=\u00bb4.4.3&#8243;]<h3>CASTELLANO<\/h3>\n<p>Arag\u00f3n Natural es un proyecto dirigido a la comunidad escolar, para trabajar en la clase o fuera de ella la fauna y la flora de nuestro territorio.<\/p>\n<p>Parte de una concepci\u00f3n abierta e integradora de la cultura aragonesa, en la que tiene una importancia fundamental el respeto a las formas de expresarse de cada comarca. Es por ello que cada uno de los animales, \u00e1rboles, plantas, etc., que son objeto de estudio se reconocen por su nombre cient\u00edfico y la forma en que se nombran en las tres lenguas de Arag\u00f3n (aragon\u00e9s, castellano y catal\u00e1n de Arag\u00f3n).<\/p>\n<p>Pretende ser un instrumento \u00fatil para la ense\u00f1anza transversal de materias tales como Ciencias sociales y\/o Ciencias naturales en Educaci\u00f3n Primaria, atendiendo al curr\u00edculo aragon\u00e9s, as\u00ed como para su integraci\u00f3n en diversas materias de la Educaci\u00f3n Secundaria y el Bachillerato, especialmente a trav\u00e9s de los recursos interactivos y de las posibilidades que internet ofrece para que los alumnos sigan explorando la materia de manera aut\u00f3noma.<\/p>\n<p>La optimizaci\u00f3n para m\u00f3vil de esta p\u00e1gina web permite un uso universal para llegar a todas las personas en cualquier lugar.<\/p>\n<p>Los carteles que acompa\u00f1an esta web pueden descargarse aqu\u00ed:<\/p>[\/et_pb_text][\/et_pb_column][et_pb_column type=\u00bb1_3&#8243; _builder_version=\u00bb4.4.3&#8243;][et_pb_text _builder_version=\u00bb4.4.3&#8243;]<h3>ARAGON\u00c9S<\/h3>\n<p>Arag\u00f3n Natural ye un proyeuto endrezau a la comunidat escolar, pa treballar en a clase u difuera d&#8217;ella a fauna y a flora d&#8217;o nuestro territorio.<\/p>\n<p>Parte d&#8217;una conzepzi\u00f3n ubierta y integradora d&#8217;a cultura aragonesa, en a cual tiene una importanzia fundamental o respeuto a as formas d&#8217;expresar-se de cada comarca. Ye por ixo que cadag\u00fan d&#8217;os animals, \u00e1rbols, plantas, etz., que son obcheto d&#8217;estudio se reconoxen por o suyo nombre zientifico y a forma en que se nombran en as tres luengas d&#8217;Arag\u00f3n (aragon\u00e9s, castellano y catal\u00e1n d&#8217;Arag\u00f3n).<\/p>\n<p>Pretende estar un instrumento util ta la ense\u00f1anza transversal de materias tals como Zenzias sozials y\/u Zenzias naturals en Educazi\u00f3n Primaria, atendendo a o curr\u00edculo aragon\u00e9s, asinas como pa la suya integrazi\u00f3n en diversas materias d&#8217;a Educazi\u00f3n Secundaria y o Bachillerato, espezialm\u00e9n a travi\u00e9s d&#8217;os recursos interactivos y d&#8217;as posibilidaz que internet ofrexe pa que os alumnos sigan explorando a materia de manera autonoma.<\/p>\n<p>A optimizazi\u00f3n pa mobil d&#8217;ista pachina web permite un uso universal pa plegar a totas as personas en cualsequier puesto.<\/p>\n<p>Os cartels que acompa\u00f1an ista web pueden escargar-se aqu\u00ed:<\/p>[\/et_pb_text][\/et_pb_column][et_pb_column type=\u00bb1_3&#8243; _builder_version=\u00bb4.4.3&#8243;][et_pb_text _builder_version=\u00bb4.4.7&#8243;]<h3><span>CATAL\u00c0 D&#8217;ARAG\u00d3<\/span><\/h3>\n<p><span>Arag\u00f3 Natural \u00e9s un projecte pensat perqu\u00e8 la comunitat escolar puga\u00a0\u00a0treballar, tant dins com fora de la classe, la fauna i la flora del nostre territori.<\/span><\/p>\n<p><span>Es basa en una concepci\u00f3 oberta i integradora de la cultura aragonesa, en qu\u00e8 el respecte a les diferents maneres d\u2019expressar-se de cada comarca \u00e9s essencial. \u00c9s per aix\u00f2 que cada un dels animals, dels arbres, de les plantes, etc., es puguen recon\u00e8ixer pel seu nom cient\u00edfic i per la forma en qu\u00e8 s\u2019anomenen en les tres lleng\u00fces d&#8217;Arag\u00f3 (aragon\u00e8s, castell\u00e0 i catal\u00e0 d&#8217;Arag\u00f3).<\/span><\/p>\n<p><span>Pret\u00e9n, per tant, ser un instrument \u00fatil per a l&#8217;ensenyament transversal de mat\u00e8ries com ara Ci\u00e8ncies socials i\/o Ci\u00e8ncies naturals en Educaci\u00f3 Prim\u00e0ria, tenint en compte el curr\u00edculum aragon\u00e8s, aix\u00ed com per integrar-se en diverses mat\u00e8ries de l&#8217;Educaci\u00f3 Secund\u00e0ria i del Batxillerat, especialment a trav\u00e9s dels recursos interactius i de les possibilitats que Internet ofereix als alumnes perqu\u00e8 continuen explorant la mat\u00e8ria de manera aut\u00f2noma.<\/span><\/p>\n<p><span>L&#8217;optimitzaci\u00f3 per al m\u00f2bil de la p\u00e0gina web permet un \u00fas universal per arribar a totes les persones en qualsevol lloc.<\/span><\/p>\n<p><span>Els cartells que acompanyen aquest web poden descarregar-se ac\u00ed:<\/span><\/p>[\/et_pb_text][\/et_pb_column][\/et_pb_row][et_pb_row column_structure=\u00bb1_3,1_3,1_3&#8243; _builder_version=\u00bb4.4.9&#8243;][et_pb_column type=\u00bb1_3&#8243; _builder_version=\u00bb4.4.9&#8243;][et_pb_image src=\u00bbhttps:\/\/aragonnatural.lenguasdearagon.org\/wp-content\/uploads\/2020\/07\/CARTEL_AVES_web.jpg\u00bb title_text=\u00bbCARTEL_AVES_web\u00bb url=\u00bbhttps:\/\/aragonnatural.lenguasdearagon.org\/wp-content\/uploads\/2020\/07\/CARTEL_AVES-scaled.jpg\u00bb url_new_window=\u00bbon\u00bb _builder_version=\u00bb4.4.9&#8243;][\/et_pb_image][\/et_pb_column][et_pb_column type=\u00bb1_3&#8243; _builder_version=\u00bb4.4.9&#8243;][et_pb_image src=\u00bbhttps:\/\/aragonnatural.lenguasdearagon.org\/wp-content\/uploads\/2020\/07\/CARTEL_FLORA_web.jpg\u00bb title_text=\u00bbCARTEL_FLORA_web\u00bb url=\u00bbhttps:\/\/aragonnatural.lenguasdearagon.org\/wp-content\/uploads\/2020\/07\/CARTEL_FLORA-scaled.jpg\u00bb url_new_window=\u00bbon\u00bb _builder_version=\u00bb4.4.9&#8243;][\/et_pb_image][\/et_pb_column][et_pb_column type=\u00bb1_3&#8243; _builder_version=\u00bb4.4.9&#8243;][et_pb_image src=\u00bbhttps:\/\/aragonnatural.lenguasdearagon.org\/wp-content\/uploads\/2020\/07\/CARTEL_FAUNA_web.jpg\u00bb title_text=\u00bbCARTEL_FAUNA_web\u00bb url=\u00bbhttps:\/\/aragonnatural.lenguasdearagon.org\/wp-content\/uploads\/2020\/07\/CARTEL_FAUNA-scaled.jpg\u00bb url_new_window=\u00bbon\u00bb _builder_version=\u00bb4.4.9&#8243;][\/et_pb_image][\/et_pb_column][\/et_pb_row][\/et_pb_section][et_pb_section fb_built=\u00bb1&#8243; _builder_version=\u00bb4.4.3&#8243;][et_pb_row _builder_version=\u00bb4.4.3&#8243;][et_pb_column type=\u00bb4_4&#8243; _builder_version=\u00bb4.4.3&#8243;][et_pb_text _builder_version=\u00bb4.4.9&#8243; hover_enabled=\u00bb0&#8243;]<h3>CR\u00c9DITOS<\/h3>\n<p><strong>Promueve<\/strong>:<\/p>\n<p>Direcci\u00f3n General de Pol\u00edtica Ling\u00fc\u00edstica. Gobierno de Arag\u00f3n<\/p>\n<p><strong>Realiza<\/strong>:<\/p>\n<p>Tintaura, S.L. (<a href=\"http:\/\/www.tintaura.com\/\">www.tintaura.com<\/a>). Selecci\u00f3n y textos: Rafel Vidaller. Fotograf\u00edas: Rafel Vidaller, Santiago Cabello (Archivo Tintaura S.L.), Pierre Dalous, Ches\u00fas L. Domper,\u00a0<span lang=\"EN-US\">Pierre Dalous, <\/span>Francesco Veronesi, Pasztilla aka Attila Terb\u00f3cs, Artur Michalak, mgkuijpers (Fotolia.com), MPF, J\u00fcrgen Howaldt\u00a0y Vankathryn (Wikimedia Commons), Gilles San Martin, Mikel Magis, Quartl, Imran Shah, Francis C. Franklin, Artemy Voikhansky, Artur Miko\u0142ajewski, www.pixabay.com, www.pngimg.com<\/p>\n<p><strong>Colaboran<\/strong>:<\/p>\n<p>Direcci\u00f3n General de Cambio Clim\u00e1tico y Educaci\u00f3n Ambiental. Gobierno de Arag\u00f3n<\/p>\n<p>Fundaci\u00f3n Caja Rural de Arag\u00f3n<\/p>\n<p>C\u00e1tedra Johan Ferr\u00e1ndez d\u2019Heredia (Universidad de Zaragoza)<\/p>\n<p><strong>Agradecimientos<\/strong>:<\/p>\n<p>Jos\u00e9 Mar\u00eda Alcober, <span>Chulia Ara,\u00a0<\/span>Antonio Bengoechea, <span>Mar\u00eda Pilar Ben\u00edtez,\u00a0<\/span><span>Antonio Lascorz,\u00a0<\/span>Mertxe Llop, Teresa Lombarte,\u00a0<span>Azucena L\u00f3pez,\u00a0<\/span>F<span>rancho Marc\u00e9n,\u00a0<\/span>H\u00e8ctor Moret, Maite Moret, Pepa Nogu\u00e9s,\u00a0<span>Chus\u00e9 Rozas,\u00a0<\/span>Mario Sasot.<\/p>\n[\/et_pb_text][\/et_pb_column][\/et_pb_row][\/et_pb_section]\n","protected":false},"excerpt":{"rendered":"<p>CASTELLANO Arag\u00f3n Natural es un proyecto dirigido a la comunidad escolar, para trabajar en la clase o fuera de ella la fauna y la flora de nuestro territorio. Parte de una concepci\u00f3n abierta e integradora de la cultura aragonesa, en la que tiene una importancia fundamental el respeto a las formas de expresarse de cada [&hellip;]<\/p>\n","protected":false},"author":4,"featured_media":0,"parent":0,"menu_order":0,"comment_status":"closed","ping_status":"closed","template":"","meta":{"_et_pb_use_builder":"on","_et_pb_old_content":"","_et_gb_content_width":"","footnotes":""},"class_list":["post-9","page","type-page","status-publish","hentry"],"_links":{"self":[{"href":"https:\/\/aragonnatural.lenguasdearagon.org\/index.php\/wp-json\/wp\/v2\/pages\/9","targetHints":{"allow":["GET"]}}],"collection":[{"href":"https:\/\/aragonnatural.lenguasdearagon.org\/index.php\/wp-json\/wp\/v2\/pages"}],"about":[{"href":"https:\/\/aragonnatural.lenguasdearagon.org\/index.php\/wp-json\/wp\/v2\/types\/page"}],"author":[{"embeddable":true,"href":"https:\/\/aragonnatural.lenguasdearagon.org\/index.php\/wp-json\/wp\/v2\/users\/4"}],"replies":[{"embeddable":true,"href":"https:\/\/aragonnatural.lenguasdearagon.org\/index.php\/wp-json\/wp\/v2\/comments?post=9"}],"version-history":[{"count":61,"href":"https:\/\/aragonnatural.lenguasdearagon.org\/index.php\/wp-json\/wp\/v2\/pages\/9\/revisions"}],"predecessor-version":[{"id":2460,"href":"https:\/\/aragonnatural.lenguasdearagon.org\/index.php\/wp-json\/wp\/v2\/pages\/9\/revisions\/2460"}],"wp:attachment":[{"href":"https:\/\/aragonnatural.lenguasdearagon.org\/index.php\/wp-json\/wp\/v2\/media?parent=9"}],"curies":[{"name":"wp","href":"https:\/\/api.w.org\/{rel}","templated":true}]}}